{"id":2989,"date":"2023-07-28T03:10:21","date_gmt":"2023-07-28T03:10:21","guid":{"rendered":"http:\/\/kualexu.com\/?page_id=2989"},"modified":"2023-07-28T03:14:56","modified_gmt":"2023-07-28T03:14:56","slug":"contract-terms","status":"publish","type":"page","link":"https:\/\/kualexu.com\/en\/legal\/contract-terms\/","title":{"rendered":"Contract Terms"},"content":{"rendered":"<div data-elementor-type=\"wp-page\" data-elementor-id=\"2989\" class=\"elementor elementor-2989\">\n\t\t\t\t\t\t<section class=\"elementor-section elementor-top-section elementor-element elementor-element-7d6c8d9 elementor-section-boxed elementor-section-height-default elementor-section-height-default sc_fly_static\" data-id=\"7d6c8d9\" data-element_type=\"section\" data-e-type=\"section\">\n\t\t\t\t\t\t<div class=\"elementor-container elementor-column-gap-extended\">\n\t\t\t\t\t<div class=\"elementor-column elementor-col-100 elementor-top-column elementor-element elementor-element-d44ea4a sc_inner_width_none sc_content_align_inherit sc_layouts_column_icons_position_left sc_fly_static\" data-id=\"d44ea4a\" data-element_type=\"column\" data-e-type=\"column\">\n\t\t\t<div class=\"elementor-widget-wrap elementor-element-populated\">\n\t\t\t\t\t\t<div class=\"elementor-element elementor-element-f950a7c sc_fly_static elementor-widget elementor-widget-text-editor\" data-id=\"f950a7c\" data-element_type=\"widget\" data-e-type=\"widget\" data-widget_type=\"text-editor.default\">\n\t\t\t\t<div class=\"elementor-widget-container\">\n\t\t\t\t\t\t\t\t\t<h3>Esta Pol\u00edtica De Condiciones De Uso Es V\u00e1lida A Partir Del Apr 2023.<\/h3><h3>T\u00c9RMINOS Y CONDICIONES \u2014 Kualexu<\/h3><p>Kualexu, persona jur\u00eddica de derecho privado describe, a trav\u00e9s de este documento, las normas de uso del sitio lamontefiore.com y de cualquier otro sitio web, tienda o aplicaci\u00f3n operada por el titular.<\/p><p>Al navegar por este sitio web, consideramos que est\u00e1 de acuerdo con las condiciones de uso que figuran a continuaci\u00f3n.<\/p><p>Si no est\u00e1 de acuerdo con los t\u00e9rminos de este acuerdo, le pedimos que no haga ning\u00fan otro uso de este sitio web, mucho menos que se registre o env\u00ede sus datos personales.<\/p><p>Si cambiamos nuestras condiciones de uso, publicaremos el nuevo texto en este sitio web, con una fecha de revisi\u00f3n actualizada. Podemos modificar este documento en cualquier momento.<\/p><p>Si hay un cambio significativo en los t\u00e9rminos de este acuerdo, podemos informarle utilizando la informaci\u00f3n de contacto que tenemos en nuestra base de datos o mediante una notificaci\u00f3n.<\/p><p>El uso de este sitio web despu\u00e9s de los cambios significa que usted acepta las condiciones de uso revisadas. Si, despu\u00e9s de leer la versi\u00f3n revisada, no est\u00e1 de acuerdo con sus t\u00e9rminos, por favor, termine su acceso.<\/p><p>Secci\u00f3n 1 \u2013 Usuario El uso de este sitio web le otorga autom\u00e1ticamente la condici\u00f3n de Usuario e implica su plena aceptaci\u00f3n de todas las directrices y condiciones incluidas en estas Condiciones.<\/p><p>Secci\u00f3n 2 \u2013 Adhesi\u00f3n junto con la pol\u00edtica de privacidad El uso de este sitio web implica la adhesi\u00f3n a estas Condiciones de Uso y a la versi\u00f3n m\u00e1s actualizada de la Pol\u00edtica de Privacidad de Kualexu.<\/p><p>Secci\u00f3n 3 \u2013 Condiciones de acceso En general, el acceso al sitio web de Kualexu es gratuito y no requiere registro previo.Sin embargo, para hacer uso de algunas funcionalidades, el usuario puede necesitar registrarse, creando una cuenta de usuario con un nombre de usuario y una contrase\u00f1a de acceso.Es responsabilidad del usuario proporcionar \u00fanicamente informaci\u00f3n correcta, aut\u00e9ntica, v\u00e1lida, completa y actualizada, as\u00ed como no revelar su nombre de usuario y contrase\u00f1a a terceros.Algunas partes de este sitio web ofrecen al usuario la opci\u00f3n de publicar comentarios en determinadas \u00e1reas.Kualexu no consiente la publicaci\u00f3n de contenidos de car\u00e1cter discriminatorio, ofensivo o il\u00edcito, o que infrinjan los derechos de autor o cualquier otro derecho de terceros.La publicaci\u00f3n de cualquier contenido por parte del usuario de este sitio web, incluidos los mensajes y comentarios, implica una licencia no exclusiva, irrevocable e irreversible para su uso, reproducci\u00f3n y publicaci\u00f3n por parte de Kualexu en su sitio web, plataformas de internet y aplicaciones, o incluso en otras plataformas, sin ninguna restricci\u00f3n o limitaci\u00f3n.<\/p><p>Secci\u00f3n 4 \u2013 Cookies La informaci\u00f3n sobre el uso que usted hace de este sitio web puede recogerse a trav\u00e9s de las cookies. Las cookies son piezas de informaci\u00f3n que se almacenan directamente en el equipo que est\u00e1 utilizando. Las cookies permiten recoger informaci\u00f3n como el tipo de navegador, el tiempo de permanencia en el sitio web, las p\u00e1ginas visitadas, las preferencias de idioma y otros datos de tr\u00e1fico an\u00f3nimos. Nosotros y nuestros proveedores de servicios utilizamos la informaci\u00f3n para la protecci\u00f3n de la seguridad, para facilitar la navegaci\u00f3n, mostrar la informaci\u00f3n de manera m\u00e1s eficiente y personalizar su experiencia al utilizar este sitio web, as\u00ed como para el seguimiento en l\u00ednea. Tambi\u00e9n recopilamos informaci\u00f3n estad\u00edstica sobre el uso del sitio web para mejorar continuamente nuestro dise\u00f1o y funcionalidad, para entender c\u00f3mo se utiliza el sitio web y para ayudarle a resolver problemas relevantes.Si no desea que se recoja su informaci\u00f3n a trav\u00e9s de las cookies, existe un procedimiento sencillo en la mayor\u00eda de los navegadores que permite rechazar autom\u00e1ticamente las cookies, o le da la opci\u00f3n de aceptar o rechazar la transferencia de una cookie espec\u00edfica (o varias) de un sitio web concreto a su ordenador. Sin embargo, esto puede crear inconvenientes en su uso del sitio web.La configuraci\u00f3n que elija puede afectar a su experiencia de navegaci\u00f3n y al funcionamiento que requiere el uso de cookies. En este sentido, rechazamos cualquier responsabilidad por las consecuencias derivadas del funcionamiento limitado de este sitio web causado por la desactivaci\u00f3n de las cookies en su dispositivo (incapacidad para establecer o leer una cookie).<\/p><p>Secci\u00f3n 5 \u2013 Propiedad intelectual Todos los elementos de Kualexu son propiedad intelectual de la misma o de sus licenciantes. Estos t\u00e9rminos o el uso del sitio web no le otorgan ninguna licencia o derecho de uso de los derechos de propiedad intelectual de Kualexu o de cualquier tercero.<\/p><p>Secci\u00f3n 6 \u2013 Enlaces a sitios web de terceros Este sitio web puede contener, de vez en cuando, enlaces de hipertexto que le redirigir\u00e1n a sitios web de nuestros socios, anunciantes, proveedores, etc. Si hace clic en uno de estos enlaces a cualquiera de estos sitios, recuerde que cada sitio tiene sus propias pr\u00e1cticas de privacidad y que nosotros no somos responsables de estas pol\u00edticas. Por favor, consulte esas pol\u00edticas antes de enviar cualquier dato personal a esos sitios.No somos responsables de las pol\u00edticas y pr\u00e1cticas de recopilaci\u00f3n, uso y divulgaci\u00f3n (incluidas las pr\u00e1cticas de protecci\u00f3n de datos) de otras organizaciones, como Facebook, Apple, Google, Microsoft, o cualquier otro desarrollador de software o proveedor de aplicaciones, tienda de medios sociales, sistema operativo, proveedor de servicios de internet o fabricante de dispositivos, incluidos los Datos Personales que usted divulgue a otras organizaciones a trav\u00e9s de las aplicaciones, en relaci\u00f3n con dichas aplicaciones, o publicados en nuestras redes sociales. Le recomendamos que se informe sobre la pol\u00edtica de privacidad y las condiciones de uso de cada sitio web visitado o proveedor de servicios utilizado.<\/p><p>Secci\u00f3n 7 \u2013 Plazos y modificaciones El funcionamiento de este sitio web es por tiempo indefinido.La totalidad del sitio web o cada una de sus secciones podr\u00e1 ser cerrada, suspendida o interrumpida unilateralmente por Kualexu , en cualquier momento y sin previo aviso.<\/p><p>Secci\u00f3n 8 \u2013 Datos personales Durante el uso de este sitio web, ciertos datos personales ser\u00e1n recogidos y procesados por Kualexu y\/o los Socios. Las normas relativas al tratamiento de los datos personales de Kualexu est\u00e1n estipuladas en la Pol\u00edtica de Privacidad.<\/p><p>Secci\u00f3n 9 \u2013 Contacto Si tiene alguna pregunta sobre las condiciones de uso, por favor p\u00f3ngase en contacto con nosotros por correo electr\u00f3nico<\/p>\t\t\t\t\t\t\t\t<\/div>\n\t\t\t\t<\/div>\n\t\t\t\t\t<\/div>\n\t\t<\/div>\n\t\t\t\t\t<\/div>\n\t\t<\/section>\n\t\t\t\t<\/div>","protected":false},"excerpt":{"rendered":"<p>Esta Pol\u00edtica De Condiciones De Uso Es V\u00e1lida A Partir Del Apr 2023. T\u00c9RMINOS Y CONDICIONES \u2014 Kualexu Kualexu, persona jur\u00eddica de derecho privado describe, a trav\u00e9s de este documento, las normas de uso del sitio lamontefiore.com y de cualquier otro sitio web, tienda o aplicaci\u00f3n operada por el titular. Al navegar por este sitio&hellip;<\/p>","protected":false},"author":1,"featured_media":0,"parent":2979,"menu_order":0,"comment_status":"closed","ping_status":"closed","template":"","meta":{"footnotes":""},"class_list":["post-2989","page","type-page","status-publish","hentry"],"_links":{"self":[{"href":"https:\/\/kualexu.com\/en\/wp-json\/wp\/v2\/pages\/2989","targetHints":{"allow":["GET"]}}],"collection":[{"href":"https:\/\/kualexu.com\/en\/wp-json\/wp\/v2\/pages"}],"about":[{"href":"https:\/\/kualexu.com\/en\/wp-json\/wp\/v2\/types\/page"}],"author":[{"embeddable":true,"href":"https:\/\/kualexu.com\/en\/wp-json\/wp\/v2\/users\/1"}],"replies":[{"embeddable":true,"href":"https:\/\/kualexu.com\/en\/wp-json\/wp\/v2\/comments?post=2989"}],"version-history":[{"count":4,"href":"https:\/\/kualexu.com\/en\/wp-json\/wp\/v2\/pages\/2989\/revisions"}],"predecessor-version":[{"id":2993,"href":"https:\/\/kualexu.com\/en\/wp-json\/wp\/v2\/pages\/2989\/revisions\/2993"}],"up":[{"embeddable":true,"href":"https:\/\/kualexu.com\/en\/wp-json\/wp\/v2\/pages\/2979"}],"wp:attachment":[{"href":"https:\/\/kualexu.com\/en\/wp-json\/wp\/v2\/media?parent=2989"}],"curies":[{"name":"wp","href":"https:\/\/api.w.org\/{rel}","templated":true}]}}